{"id":60,"date":"2021-12-07T13:48:28","date_gmt":"2021-12-07T12:48:28","guid":{"rendered":"https:\/\/icaruscharters.com\/?page_id=60"},"modified":"2024-02-28T18:27:47","modified_gmt":"2024-02-28T17:27:47","slug":"sobre-nosotros","status":"publish","type":"page","link":"https:\/\/icaruscharters.com\/es\/sobre-nosotros\/","title":{"rendered":"TU CAPITAN"},"content":{"rendered":"\t\t<div data-elementor-type=\"wp-page\" data-elementor-id=\"60\" class=\"elementor elementor-60\" data-elementor-post-type=\"page\">\n\t\t\t\t\t\t<section class=\"elementor-section elementor-top-section elementor-element elementor-element-c196338 elementor-section-boxed elementor-section-height-default elementor-section-height-default\" data-id=\"c196338\" data-element_type=\"section\" data-settings=\"{&quot;background_background&quot;:&quot;classic&quot;}\">\n\t\t\t\t\t\t<div class=\"elementor-container elementor-column-gap-default\">\n\t\t\t\t\t<div class=\"elementor-column elementor-col-100 elementor-top-column elementor-element elementor-element-dba8e5a\" data-id=\"dba8e5a\" data-element_type=\"column\">\n\t\t\t<div class=\"elementor-widget-wrap elementor-element-populated\">\n\t\t\t\t\t\t<div class=\"elementor-element elementor-element-dae1af8 elementor-widget elementor-widget-heading\" data-id=\"dae1af8\" data-element_type=\"widget\" data-widget_type=\"heading.default\">\n\t\t\t\t<div class=\"elementor-widget-container\">\n\t\t\t\t\t<h1 class=\"elementor-heading-title elementor-size-default\">Tu Capitan<\/h1>\t\t\t\t<\/div>\n\t\t\t\t<\/div>\n\t\t\t\t<div class=\"elementor-element elementor-element-e35ed04 elementor-widget elementor-widget-spacer\" data-id=\"e35ed04\" data-element_type=\"widget\" data-widget_type=\"spacer.default\">\n\t\t\t\t<div class=\"elementor-widget-container\">\n\t\t\t\t\t\t\t<div class=\"elementor-spacer\">\n\t\t\t<div class=\"elementor-spacer-inner\"><\/div>\n\t\t<\/div>\n\t\t\t\t\t\t<\/div>\n\t\t\t\t<\/div>\n\t\t\t\t<section class=\"elementor-section elementor-inner-section elementor-element elementor-element-e92ca85 elementor-section-content-middle elementor-section-boxed elementor-section-height-default elementor-section-height-default\" data-id=\"e92ca85\" data-element_type=\"section\" data-settings=\"{&quot;background_background&quot;:&quot;classic&quot;,&quot;animation&quot;:&quot;none&quot;}\">\n\t\t\t\t\t\t<div class=\"elementor-container elementor-column-gap-wider\">\n\t\t\t\t\t<div class=\"elementor-column elementor-col-50 elementor-inner-column elementor-element elementor-element-ad8c074\" data-id=\"ad8c074\" data-element_type=\"column\">\n\t\t\t<div class=\"elementor-widget-wrap elementor-element-populated\">\n\t\t\t\t\t\t<div class=\"elementor-element elementor-element-9ac7de7 elementor-skin-carousel elementor-arrows-yes elementor-widget elementor-widget-media-carousel\" data-id=\"9ac7de7\" data-element_type=\"widget\" data-settings=\"{&quot;slides_per_view&quot;:&quot;1&quot;,&quot;slides_to_scroll&quot;:&quot;1&quot;,&quot;skin&quot;:&quot;carousel&quot;,&quot;effect&quot;:&quot;slide&quot;,&quot;show_arrows&quot;:&quot;yes&quot;,&quot;speed&quot;:500,&quot;autoplay&quot;:&quot;yes&quot;,&quot;autoplay_speed&quot;:5000,&quot;loop&quot;:&quot;yes&quot;,&quot;pause_on_hover&quot;:&quot;yes&quot;,&quot;pause_on_interaction&quot;:&quot;yes&quot;,&quot;space_between&quot;:{&quot;unit&quot;:&quot;px&quot;,&quot;size&quot;:10,&quot;sizes&quot;:[]},&quot;space_between_tablet&quot;:{&quot;unit&quot;:&quot;px&quot;,&quot;size&quot;:10,&quot;sizes&quot;:[]},&quot;space_between_mobile&quot;:{&quot;unit&quot;:&quot;px&quot;,&quot;size&quot;:10,&quot;sizes&quot;:[]}}\" data-widget_type=\"media-carousel.default\">\n\t\t\t\t<div class=\"elementor-widget-container\">\n\t\t\t\t\t\t\t\t\t<div class=\"elementor-swiper\">\n\t\t\t\t\t<div class=\"elementor-main-swiper swiper\" role=\"region\" aria-roledescription=\"carousel\" aria-label=\"Diapositivas\">\n\t\t\t\t<div class=\"swiper-wrapper\">\n\t\t\t\t\t\t\t\t\t\t\t<div class=\"swiper-slide\" role=\"group\" aria-roledescription=\"slide\">\n\t\t\t\t\t\t\t\t\t<div class=\"elementor-carousel-image\" role=\"img\" aria-label=\"a4c9ba40-4102-42e8-ba77-d2d70a202bb2\" style=\"background-image: url(&#039;https:\/\/icaruscharters.com\/wp-content\/uploads\/2024\/02\/a4c9ba40-4102-42e8-ba77-d2d70a202bb2.jpeg&#039;)\">\n\n\t\t\t\n\t\t\t\t\t<\/div>\n\t\t\t\t\t\t\t\t<\/div>\n\t\t\t\t\t\t\t\t\t<\/div>\n\t\t\t\t\t\t\t<\/div>\n\t\t\t\t<\/div>\n\t\t\t\t\t\t\t\t<\/div>\n\t\t\t\t<\/div>\n\t\t\t\t<div class=\"elementor-element elementor-element-9d10c61 elementor-widget elementor-widget-heading\" data-id=\"9d10c61\" data-element_type=\"widget\" data-widget_type=\"heading.default\">\n\t\t\t\t<div class=\"elementor-widget-container\">\n\t\t\t\t\t<h2 class=\"elementor-heading-title elementor-size-default\">el capit\u00e1n<\/h2>\t\t\t\t<\/div>\n\t\t\t\t<\/div>\n\t\t\t\t\t<\/div>\n\t\t<\/div>\n\t\t\t\t<div class=\"elementor-column elementor-col-50 elementor-inner-column elementor-element elementor-element-77199da\" data-id=\"77199da\" data-element_type=\"column\">\n\t\t\t<div class=\"elementor-widget-wrap elementor-element-populated\">\n\t\t\t\t\t\t<div class=\"elementor-element elementor-element-ae20f48 elementor-widget elementor-widget-text-editor\" data-id=\"ae20f48\" data-element_type=\"widget\" data-widget_type=\"text-editor.default\">\n\t\t\t\t<div class=\"elementor-widget-container\">\n\t\t\t\t\t\t\t\t\t<p>Soy Maxime Verbist. Empec\u00e9 a navegar gracias a la introducci\u00f3n de un amigo que conoc\u00ed en un programa belga de supervivencia llamado <a href=\"https:\/\/youtu.be\/XNQbI_UETsw\">Expeditie Robinson 2005<\/a>. Un mundo de posibilidades se abri\u00f3 ante m\u00ed y me enamor\u00e9 del mar y de la navegaci\u00f3n.<\/p><p>Desde entonces, no he parado.\u00a0<\/p><p>Naveg\u00e9 dos veces cruzando el Atl\u00e1ntico<\/p><p>Ahora soy un patr\u00f3n comercial de navegaci\u00f3n m\u00e1ster RYA\/MCA<\/p><p>Domino el ingl\u00e9s, flamenco, espa\u00f1ol y franc\u00e9s.<\/p><p>Trabaj\u00e9 dos temporadas para una compa\u00f1\u00eda de Toronto llamada G Adventures, navegando siete meses por los mares de las C\u00edcladas en Grecia.\u00a0<span style=\"background-color: var( --e-global-color-primary ); font-family: var( --e-global-typography-text-font-family ), Sans-serif; font-size: 1rem; font-weight: var( --e-global-typography-text-font-weight );\">Trabaj\u00e9 durante 10 a\u00f1os para Mezzo Magic, ahora conocida como Perfect Charter. Hasta que encontr\u00e9 el ICARUS d\u00f3nde hemos vivido por 4 a\u00f1os. Ahora ya est\u00e1 listo y con todas las licencias para salir a navegar, de este modo, tu y tu familia, o simplemente un pu\u00f1ado de amigos pod\u00e9is venir i disfrutar de un d\u00eda privado a bordo.<\/span><\/p><p><span style=\"background-color: var( --e-global-color-primary ); font-family: var( --e-global-typography-text-font-family ), Sans-serif; font-size: 1rem; font-weight: var( --e-global-typography-text-font-weight );\">Despu\u00e9s de estos a\u00f1os, s\u00e9 una serie de secretos y joyas escondidas alrededor de esta bonita costa.<\/span><\/p><p>Espero conocerte a bordo del ICARUS<\/p>\t\t\t\t\t\t\t\t<\/div>\n\t\t\t\t<\/div>\n\t\t\t\t\t<\/div>\n\t\t<\/div>\n\t\t\t\t\t<\/div>\n\t\t<\/section>\n\t\t\t\t<div class=\"elementor-element elementor-element-d6d5861 elementor-widget elementor-widget-spacer\" data-id=\"d6d5861\" data-element_type=\"widget\" data-widget_type=\"spacer.default\">\n\t\t\t\t<div class=\"elementor-widget-container\">\n\t\t\t\t\t\t\t<div class=\"elementor-spacer\">\n\t\t\t<div class=\"elementor-spacer-inner\"><\/div>\n\t\t<\/div>\n\t\t\t\t\t\t<\/div>\n\t\t\t\t<\/div>\n\t\t\t\t<div class=\"elementor-element elementor-element-4492c39 elementor-widget elementor-widget-spacer\" data-id=\"4492c39\" data-element_type=\"widget\" data-widget_type=\"spacer.default\">\n\t\t\t\t<div class=\"elementor-widget-container\">\n\t\t\t\t\t\t\t<div class=\"elementor-spacer\">\n\t\t\t<div class=\"elementor-spacer-inner\"><\/div>\n\t\t<\/div>\n\t\t\t\t\t\t<\/div>\n\t\t\t\t<\/div>\n\t\t\t\t\t<\/div>\n\t\t<\/div>\n\t\t\t\t\t<\/div>\n\t\t<\/section>\n\t\t\t\t<\/div>\n\t\t","protected":false},"excerpt":{"rendered":"<p>Tu Capitan el capit\u00e1n Soy Maxime Verbist. Empec\u00e9 a navegar gracias a la introducci\u00f3n de un amigo que conoc\u00ed en un programa belga de supervivencia llamado Expeditie Robinson 2005. Un mundo de posibilidades se abri\u00f3 ante m\u00ed y me enamor\u00e9 del mar y de la navegaci\u00f3n. Desde entonces, no he parado.\u00a0 Naveg\u00e9 dos veces cruzando [&hellip;]<\/p>\n","protected":false},"author":2,"featured_media":811,"parent":0,"menu_order":0,"comment_status":"closed","ping_status":"closed","template":"","meta":{"_monsterinsights_skip_tracking":false,"_monsterinsights_sitenote_active":false,"_monsterinsights_sitenote_note":"","_monsterinsights_sitenote_category":0,"footnotes":""},"class_list":["post-60","page","type-page","status-publish","has-post-thumbnail","hentry"],"yoast_head":"<!-- This site is optimized with the Yoast SEO plugin v25.1 - https:\/\/yoast.com\/wordpress\/plugins\/seo\/ -->\n<title>TU CAPITAN | Icarus Charters in Port de Soller<\/title>\n<meta name=\"description\" content=\"Tu Capitan el capit\u00e1n Soy Maxime Verbist. Empec\u00e9 a navegar gracias a la introducci\u00f3n de un amigo que conoc\u00ed en un programa belga de supervivencia llamado\" \/>\n<meta name=\"robots\" content=\"index, follow, max-snippet:-1, max-image-preview:large, max-video-preview:-1\" \/>\n<link rel=\"canonical\" href=\"https:\/\/icaruscharters.com\/es\/sobre-nosotros\/\" \/>\n<meta property=\"og:locale\" content=\"es_ES\" \/>\n<meta property=\"og:type\" content=\"article\" \/>\n<meta property=\"og:title\" content=\"TU CAPITAN | Icarus Charters in Port de Soller\" \/>\n<meta property=\"og:description\" content=\"Tu Capitan el capit\u00e1n Soy Maxime Verbist. Empec\u00e9 a navegar gracias a la introducci\u00f3n de un amigo que conoc\u00ed en un programa belga de supervivencia llamado\" \/>\n<meta property=\"og:url\" content=\"https:\/\/icaruscharters.com\/es\/sobre-nosotros\/\" \/>\n<meta property=\"og:site_name\" content=\"Icarus Charters in Port de Soller\" \/>\n<meta property=\"article:publisher\" content=\"https:\/\/instagram.com\/icarus_charters\" \/>\n<meta property=\"article:modified_time\" content=\"2024-02-28T17:27:47+00:00\" \/>\n<meta name=\"twitter:card\" content=\"summary_large_image\" \/>\n<meta name=\"twitter:label1\" content=\"Tiempo de lectura\" \/>\n\t<meta name=\"twitter:data1\" content=\"1 minuto\" \/>\n<script type=\"application\/ld+json\" class=\"yoast-schema-graph\">{\"@context\":\"https:\/\/schema.org\",\"@graph\":[{\"@type\":\"WebPage\",\"@id\":\"https:\/\/icaruscharters.com\/es\/sobre-nosotros\/\",\"url\":\"https:\/\/icaruscharters.com\/es\/sobre-nosotros\/\",\"name\":\"TU CAPITAN | Icarus Charters in Port de Soller\",\"isPartOf\":{\"@id\":\"https:\/\/icaruscharters.com\/es\/#website\"},\"primaryImageOfPage\":{\"@id\":\"https:\/\/icaruscharters.com\/es\/sobre-nosotros\/#primaryimage\"},\"image\":{\"@id\":\"https:\/\/icaruscharters.com\/es\/sobre-nosotros\/#primaryimage\"},\"thumbnailUrl\":\"https:\/\/icaruscharters.com\/wp-content\/uploads\/2023\/04\/Screenshot_20230419_195422.jpg\",\"datePublished\":\"2021-12-07T12:48:28+00:00\",\"dateModified\":\"2024-02-28T17:27:47+00:00\",\"description\":\"Tu Capitan el capit\u00e1n Soy Maxime Verbist. Empec\u00e9 a navegar gracias a la introducci\u00f3n de un amigo que conoc\u00ed en un programa belga de supervivencia llamado\",\"breadcrumb\":{\"@id\":\"https:\/\/icaruscharters.com\/es\/sobre-nosotros\/#breadcrumb\"},\"inLanguage\":\"es\",\"potentialAction\":[{\"@type\":\"ReadAction\",\"target\":[\"https:\/\/icaruscharters.com\/es\/sobre-nosotros\/\"]}]},{\"@type\":\"ImageObject\",\"inLanguage\":\"es\",\"@id\":\"https:\/\/icaruscharters.com\/es\/sobre-nosotros\/#primaryimage\",\"url\":\"https:\/\/icaruscharters.com\/wp-content\/uploads\/2023\/04\/Screenshot_20230419_195422.jpg\",\"contentUrl\":\"https:\/\/icaruscharters.com\/wp-content\/uploads\/2023\/04\/Screenshot_20230419_195422.jpg\",\"width\":730,\"height\":973},{\"@type\":\"BreadcrumbList\",\"@id\":\"https:\/\/icaruscharters.com\/es\/sobre-nosotros\/#breadcrumb\",\"itemListElement\":[{\"@type\":\"ListItem\",\"position\":1,\"name\":\"Inicio\",\"item\":\"https:\/\/icaruscharters.com\/es\/\"},{\"@type\":\"ListItem\",\"position\":2,\"name\":\"TU CAPITAN\"}]},{\"@type\":\"WebSite\",\"@id\":\"https:\/\/icaruscharters.com\/es\/#website\",\"url\":\"https:\/\/icaruscharters.com\/es\/\",\"name\":\"Icarus Charters in Port de Soller\",\"description\":\"Discover unique experiences on board\",\"publisher\":{\"@id\":\"https:\/\/icaruscharters.com\/es\/#organization\"},\"potentialAction\":[{\"@type\":\"SearchAction\",\"target\":{\"@type\":\"EntryPoint\",\"urlTemplate\":\"https:\/\/icaruscharters.com\/es\/?s={search_term_string}\"},\"query-input\":{\"@type\":\"PropertyValueSpecification\",\"valueRequired\":true,\"valueName\":\"search_term_string\"}}],\"inLanguage\":\"es\"},{\"@type\":\"Organization\",\"@id\":\"https:\/\/icaruscharters.com\/es\/#organization\",\"name\":\"icarus charters\",\"alternateName\":\"charters\",\"url\":\"https:\/\/icaruscharters.com\/es\/\",\"logo\":{\"@type\":\"ImageObject\",\"inLanguage\":\"es\",\"@id\":\"https:\/\/icaruscharters.com\/es\/#\/schema\/logo\/image\/\",\"url\":\"https:\/\/icaruscharters.com\/wp-content\/uploads\/2023\/10\/IMG_4279-scaled.jpeg\",\"contentUrl\":\"https:\/\/icaruscharters.com\/wp-content\/uploads\/2023\/10\/IMG_4279-scaled.jpeg\",\"width\":1200,\"height\":1600,\"caption\":\"icarus charters\"},\"image\":{\"@id\":\"https:\/\/icaruscharters.com\/es\/#\/schema\/logo\/image\/\"},\"sameAs\":[\"https:\/\/instagram.com\/icarus_charters\"]}]}<\/script>\n<!-- \/ Yoast SEO plugin. -->","yoast_head_json":{"title":"TU CAPITAN | Icarus Charters in Port de Soller","description":"Tu Capitan el capit\u00e1n Soy Maxime Verbist. Empec\u00e9 a navegar gracias a la introducci\u00f3n de un amigo que conoc\u00ed en un programa belga de supervivencia llamado","robots":{"index":"index","follow":"follow","max-snippet":"max-snippet:-1","max-image-preview":"max-image-preview:large","max-video-preview":"max-video-preview:-1"},"canonical":"https:\/\/icaruscharters.com\/es\/sobre-nosotros\/","og_locale":"es_ES","og_type":"article","og_title":"TU CAPITAN | Icarus Charters in Port de Soller","og_description":"Tu Capitan el capit\u00e1n Soy Maxime Verbist. Empec\u00e9 a navegar gracias a la introducci\u00f3n de un amigo que conoc\u00ed en un programa belga de supervivencia llamado","og_url":"https:\/\/icaruscharters.com\/es\/sobre-nosotros\/","og_site_name":"Icarus Charters in Port de Soller","article_publisher":"https:\/\/instagram.com\/icarus_charters","article_modified_time":"2024-02-28T17:27:47+00:00","twitter_card":"summary_large_image","twitter_misc":{"Tiempo de lectura":"1 minuto"},"schema":{"@context":"https:\/\/schema.org","@graph":[{"@type":"WebPage","@id":"https:\/\/icaruscharters.com\/es\/sobre-nosotros\/","url":"https:\/\/icaruscharters.com\/es\/sobre-nosotros\/","name":"TU CAPITAN | Icarus Charters in Port de Soller","isPartOf":{"@id":"https:\/\/icaruscharters.com\/es\/#website"},"primaryImageOfPage":{"@id":"https:\/\/icaruscharters.com\/es\/sobre-nosotros\/#primaryimage"},"image":{"@id":"https:\/\/icaruscharters.com\/es\/sobre-nosotros\/#primaryimage"},"thumbnailUrl":"https:\/\/icaruscharters.com\/wp-content\/uploads\/2023\/04\/Screenshot_20230419_195422.jpg","datePublished":"2021-12-07T12:48:28+00:00","dateModified":"2024-02-28T17:27:47+00:00","description":"Tu Capitan el capit\u00e1n Soy Maxime Verbist. Empec\u00e9 a navegar gracias a la introducci\u00f3n de un amigo que conoc\u00ed en un programa belga de supervivencia llamado","breadcrumb":{"@id":"https:\/\/icaruscharters.com\/es\/sobre-nosotros\/#breadcrumb"},"inLanguage":"es","potentialAction":[{"@type":"ReadAction","target":["https:\/\/icaruscharters.com\/es\/sobre-nosotros\/"]}]},{"@type":"ImageObject","inLanguage":"es","@id":"https:\/\/icaruscharters.com\/es\/sobre-nosotros\/#primaryimage","url":"https:\/\/icaruscharters.com\/wp-content\/uploads\/2023\/04\/Screenshot_20230419_195422.jpg","contentUrl":"https:\/\/icaruscharters.com\/wp-content\/uploads\/2023\/04\/Screenshot_20230419_195422.jpg","width":730,"height":973},{"@type":"BreadcrumbList","@id":"https:\/\/icaruscharters.com\/es\/sobre-nosotros\/#breadcrumb","itemListElement":[{"@type":"ListItem","position":1,"name":"Inicio","item":"https:\/\/icaruscharters.com\/es\/"},{"@type":"ListItem","position":2,"name":"TU CAPITAN"}]},{"@type":"WebSite","@id":"https:\/\/icaruscharters.com\/es\/#website","url":"https:\/\/icaruscharters.com\/es\/","name":"Icarus Charters in Port de Soller","description":"Discover unique experiences on board","publisher":{"@id":"https:\/\/icaruscharters.com\/es\/#organization"},"potentialAction":[{"@type":"SearchAction","target":{"@type":"EntryPoint","urlTemplate":"https:\/\/icaruscharters.com\/es\/?s={search_term_string}"},"query-input":{"@type":"PropertyValueSpecification","valueRequired":true,"valueName":"search_term_string"}}],"inLanguage":"es"},{"@type":"Organization","@id":"https:\/\/icaruscharters.com\/es\/#organization","name":"icarus charters","alternateName":"charters","url":"https:\/\/icaruscharters.com\/es\/","logo":{"@type":"ImageObject","inLanguage":"es","@id":"https:\/\/icaruscharters.com\/es\/#\/schema\/logo\/image\/","url":"https:\/\/icaruscharters.com\/wp-content\/uploads\/2023\/10\/IMG_4279-scaled.jpeg","contentUrl":"https:\/\/icaruscharters.com\/wp-content\/uploads\/2023\/10\/IMG_4279-scaled.jpeg","width":1200,"height":1600,"caption":"icarus charters"},"image":{"@id":"https:\/\/icaruscharters.com\/es\/#\/schema\/logo\/image\/"},"sameAs":["https:\/\/instagram.com\/icarus_charters"]}]}},"_links":{"self":[{"href":"https:\/\/icaruscharters.com\/es\/wp-json\/wp\/v2\/pages\/60","targetHints":{"allow":["GET"]}}],"collection":[{"href":"https:\/\/icaruscharters.com\/es\/wp-json\/wp\/v2\/pages"}],"about":[{"href":"https:\/\/icaruscharters.com\/es\/wp-json\/wp\/v2\/types\/page"}],"author":[{"embeddable":true,"href":"https:\/\/icaruscharters.com\/es\/wp-json\/wp\/v2\/users\/2"}],"replies":[{"embeddable":true,"href":"https:\/\/icaruscharters.com\/es\/wp-json\/wp\/v2\/comments?post=60"}],"version-history":[{"count":16,"href":"https:\/\/icaruscharters.com\/es\/wp-json\/wp\/v2\/pages\/60\/revisions"}],"predecessor-version":[{"id":2655,"href":"https:\/\/icaruscharters.com\/es\/wp-json\/wp\/v2\/pages\/60\/revisions\/2655"}],"wp:featuredmedia":[{"embeddable":true,"href":"https:\/\/icaruscharters.com\/es\/wp-json\/wp\/v2\/media\/811"}],"wp:attachment":[{"href":"https:\/\/icaruscharters.com\/es\/wp-json\/wp\/v2\/media?parent=60"}],"curies":[{"name":"wp","href":"https:\/\/api.w.org\/{rel}","templated":true}]}}