{"id":57,"date":"2021-12-07T13:48:10","date_gmt":"2021-12-07T12:48:10","guid":{"rendered":"https:\/\/icaruscharters.com\/?page_id=57"},"modified":"2024-04-29T10:49:05","modified_gmt":"2024-04-29T08:49:05","slug":"contacto","status":"publish","type":"page","link":"https:\/\/icaruscharters.com\/es\/contacto\/","title":{"rendered":"Contacto"},"content":{"rendered":"\t\t<div data-elementor-type=\"wp-page\" data-elementor-id=\"57\" class=\"elementor elementor-57\" data-elementor-post-type=\"page\">\n\t\t\t\t\t\t<section class=\"elementor-section elementor-top-section elementor-element elementor-element-3428ad45 elementor-section-boxed elementor-section-height-default elementor-section-height-default\" data-id=\"3428ad45\" data-element_type=\"section\">\n\t\t\t\t\t\t<div class=\"elementor-container elementor-column-gap-default\">\n\t\t\t\t\t<div class=\"elementor-column elementor-col-100 elementor-top-column elementor-element elementor-element-2bbda4a2\" data-id=\"2bbda4a2\" data-element_type=\"column\">\n\t\t\t<div class=\"elementor-widget-wrap elementor-element-populated\">\n\t\t\t\t\t\t<div class=\"elementor-element elementor-element-af1cdc4 elementor-widget elementor-widget-heading\" data-id=\"af1cdc4\" data-element_type=\"widget\" data-widget_type=\"heading.default\">\n\t\t\t\t<div class=\"elementor-widget-container\">\n\t\t\t\t\t<h1 class=\"elementor-heading-title elementor-size-default\">Contacto<\/h1>\t\t\t\t<\/div>\n\t\t\t\t<\/div>\n\t\t\t\t<div class=\"elementor-element elementor-element-21a7e08 elementor-widget elementor-widget-text-editor\" data-id=\"21a7e08\" data-element_type=\"widget\" data-widget_type=\"text-editor.default\">\n\t\t\t\t<div class=\"elementor-widget-container\">\n\t\t\t\t\t\t\t\t\t<p style=\"text-align: center;\">Rellena esta informaci\u00f3n para realizar una pre-reserva. Nos pondremos en contacto contigo en menos de 24 horas. \u00a1Muchas gracias por confiar en nosotros!<br \/>att. Familia Icarus.<\/p>\t\t\t\t\t\t\t\t<\/div>\n\t\t\t\t<\/div>\n\t\t\t\t<div class=\"elementor-element elementor-element-be387b7 elementor-button-align-stretch elementor-widget elementor-widget-global elementor-global-486 elementor-widget-form\" data-id=\"be387b7\" data-element_type=\"widget\" data-settings=\"{&quot;step_next_label&quot;:&quot;Siguiente&quot;,&quot;step_previous_label&quot;:&quot;Anterior&quot;,&quot;button_width&quot;:&quot;100&quot;,&quot;step_type&quot;:&quot;number_text&quot;,&quot;step_icon_shape&quot;:&quot;circle&quot;}\" data-widget_type=\"form.default\">\n\t\t\t\t<div class=\"elementor-widget-container\">\n\t\t\t\t\t\t\t<form class=\"elementor-form\" method=\"post\" name=\"Formulario de contacto b\u00e1sico\">\n\t\t\t<input type=\"hidden\" name=\"post_id\" value=\"57\"\/>\n\t\t\t<input type=\"hidden\" name=\"form_id\" value=\"be387b7\"\/>\n\t\t\t<input type=\"hidden\" name=\"referer_title\" value=\"Icarus Charters in Port de Soller\" \/>\n\n\t\t\t\n\t\t\t<div class=\"elementor-form-fields-wrapper elementor-labels-above\">\n\t\t\t\t\t\t\t\t<div class=\"elementor-field-type-text elementor-field-group elementor-column elementor-field-group-name elementor-col-100 elementor-field-required elementor-mark-required\">\n\t\t\t\t\t\t\t\t\t\t\t\t<label for=\"form-field-name\" class=\"elementor-field-label\">\n\t\t\t\t\t\t\t\tNombre\t\t\t\t\t\t\t<\/label>\n\t\t\t\t\t\t\t\t\t\t\t\t\t\t<input size=\"1\" type=\"text\" name=\"form_fields[name]\" id=\"form-field-name\" class=\"elementor-field elementor-size-sm  elementor-field-textual\" required=\"required\">\n\t\t\t\t\t\t\t\t\t\t\t<\/div>\n\t\t\t\t\t\t\t\t<div class=\"elementor-field-type-email elementor-field-group elementor-column elementor-field-group-email elementor-col-100 elementor-field-required elementor-mark-required\">\n\t\t\t\t\t\t\t\t\t\t\t\t<label for=\"form-field-email\" class=\"elementor-field-label\">\n\t\t\t\t\t\t\t\tCorreo electr\u00f3nico\t\t\t\t\t\t\t<\/label>\n\t\t\t\t\t\t\t\t\t\t\t\t\t\t<input size=\"1\" type=\"email\" name=\"form_fields[email]\" id=\"form-field-email\" class=\"elementor-field elementor-size-sm  elementor-field-textual\" required=\"required\">\n\t\t\t\t\t\t\t\t\t\t\t<\/div>\n\t\t\t\t\t\t\t\t<div class=\"elementor-field-type-text elementor-field-group elementor-column elementor-field-group-field_e70cd9a elementor-col-100 elementor-field-required elementor-mark-required\">\n\t\t\t\t\t\t\t\t\t\t\t\t<label for=\"form-field-field_e70cd9a\" class=\"elementor-field-label\">\n\t\t\t\t\t\t\t\tN\u00famero de personas (m\u00e1ximo 11)\t\t\t\t\t\t\t<\/label>\n\t\t\t\t\t\t\t\t\t\t\t\t\t\t<input size=\"1\" type=\"text\" name=\"form_fields[field_e70cd9a]\" id=\"form-field-field_e70cd9a\" class=\"elementor-field elementor-size-sm  elementor-field-textual\" required=\"required\">\n\t\t\t\t\t\t\t\t\t\t\t<\/div>\n\t\t\t\t\t\t\t\t<div class=\"elementor-field-type-text elementor-field-group elementor-column elementor-field-group-field_6a02aed elementor-col-100 elementor-field-required elementor-mark-required\">\n\t\t\t\t\t\t\t\t\t\t\t\t<label for=\"form-field-field_6a02aed\" class=\"elementor-field-label\">\n\t\t\t\t\t\t\t\tTel\u00e9fono\t\t\t\t\t\t\t<\/label>\n\t\t\t\t\t\t\t\t\t\t\t\t\t\t<input size=\"1\" type=\"text\" name=\"form_fields[field_6a02aed]\" id=\"form-field-field_6a02aed\" class=\"elementor-field elementor-size-sm  elementor-field-textual\" required=\"required\">\n\t\t\t\t\t\t\t\t\t\t\t<\/div>\n\t\t\t\t\t\t\t\t<div class=\"elementor-field-type-text elementor-field-group elementor-column elementor-field-group-field_488f865 elementor-col-100 elementor-field-required elementor-mark-required\">\n\t\t\t\t\t\t\t\t\t\t\t\t<label for=\"form-field-field_488f865\" class=\"elementor-field-label\">\n\t\t\t\t\t\t\t\tFecha solicitada\t\t\t\t\t\t\t<\/label>\n\t\t\t\t\t\t\t\t\t\t\t\t\t\t<input size=\"1\" type=\"text\" name=\"form_fields[field_488f865]\" id=\"form-field-field_488f865\" class=\"elementor-field elementor-size-sm  elementor-field-textual\" required=\"required\">\n\t\t\t\t\t\t\t\t\t\t\t<\/div>\n\t\t\t\t\t\t\t\t<div class=\"elementor-field-type-select elementor-field-group elementor-column elementor-field-group-field_85ca7c7 elementor-col-100 elementor-field-required elementor-mark-required\">\n\t\t\t\t\t\t\t\t\t\t\t\t<label for=\"form-field-field_85ca7c7\" class=\"elementor-field-label\">\n\t\t\t\t\t\t\t\tExcursi\u00f3n elegida\t\t\t\t\t\t\t<\/label>\n\t\t\t\t\t\t\t\t<div class=\"elementor-field elementor-select-wrapper remove-before \">\n\t\t\t<div class=\"select-caret-down-wrapper\">\n\t\t\t\t<i aria-hidden=\"true\" class=\"eicon-caret-down\"><\/i>\t\t\t<\/div>\n\t\t\t<select name=\"form_fields[field_85ca7c7]\" id=\"form-field-field_85ca7c7\" class=\"elementor-field-textual elementor-size-sm\" required=\"required\">\n\t\t\t\t\t\t\t\t\t<option value=\"D\u00eda entero (10-17hrs)\">D\u00eda entero (10-17hrs)<\/option>\n\t\t\t\t\t\t\t\t\t<option value=\"Ma\u00f1ana (10-14hrs)\">Ma\u00f1ana (10-14hrs)<\/option>\n\t\t\t\t\t\t\t\t\t<option value=\"Tarde (15-19 hrs)\">Tarde (15-19 hrs)<\/option>\n\t\t\t\t\t\t\t<\/select>\n\t\t<\/div>\n\t\t\t\t\t\t<\/div>\n\t\t\t\t\t\t\t\t<div class=\"elementor-field-type-select elementor-field-group elementor-column elementor-field-group-field_138a820 elementor-col-100\">\n\t\t\t\t\t\t\t\t\t\t\t\t<label for=\"form-field-field_138a820\" class=\"elementor-field-label\">\n\t\t\t\t\t\t\t\tEn el caso de d\u00eda entero, elegir: \t\t\t\t\t\t\t<\/label>\n\t\t\t\t\t\t\t\t<div class=\"elementor-field elementor-select-wrapper remove-before \">\n\t\t\t<div class=\"select-caret-down-wrapper\">\n\t\t\t\t<i aria-hidden=\"true\" class=\"eicon-caret-down\"><\/i>\t\t\t<\/div>\n\t\t\t<select name=\"form_fields[field_138a820]\" id=\"form-field-field_138a820\" class=\"elementor-field-textual elementor-size-sm\">\n\t\t\t\t\t\t\t\t\t<option value=\"Picnic a bordo\">Picnic a bordo<\/option>\n\t\t\t\t\t\t\t\t\t<option value=\"Restaurante (llamaremos para resevar)\">Restaurante (llamaremos para resevar)<\/option>\n\t\t\t\t\t\t\t<\/select>\n\t\t<\/div>\n\t\t\t\t\t\t<\/div>\n\t\t\t\t\t\t\t\t<div class=\"elementor-field-type-textarea elementor-field-group elementor-column elementor-field-group-message elementor-col-100 elementor-field-required elementor-mark-required\">\n\t\t\t\t\t\t\t\t\t\t\t\t<label for=\"form-field-message\" class=\"elementor-field-label\">\n\t\t\t\t\t\t\t\tMensaje\t\t\t\t\t\t\t<\/label>\n\t\t\t\t\t\t<textarea class=\"elementor-field-textual elementor-field  elementor-size-sm\" name=\"form_fields[message]\" id=\"form-field-message\" rows=\"4\" placeholder=\"Informaci\u00f3n adicional, preferencias, restricciones diet\u00e9ticas, etc\" required=\"required\"><\/textarea>\t\t\t\t<\/div>\n\t\t\t\t\t\t\t\t<div class=\"elementor-field-type-html elementor-field-group elementor-column elementor-field-group-field_74bed04 elementor-col-100\">\n\t\t\t\t\tRESPONSABLE: Icarus Charters. FINALIDAD: env\u00edo de la informaci\u00f3n solicitada. LEGITIMACI\u00d3N: consentimiento del interesado. DESTINATARIO: no se ceden o comunican datos a terceros para prestar este servicio pero \u00e9stos son almacenados por el proveedor de correo electr\u00f3nico. DERECHOS: a acceder, rectificar y suprimir los datos, as\u00ed como otros derechos detallados en la Pol\u00edtica de Privacidad. \t\t\t\t<\/div>\n\t\t\t\t\t\t\t\t<div class=\"elementor-field-type-acceptance elementor-field-group elementor-column elementor-field-group-field_10dc067 elementor-col-100 elementor-field-required elementor-mark-required\">\n\t\t\t\t\t\t\t\t\t\t\t\t<label for=\"form-field-field_10dc067\" class=\"elementor-field-label\">\n\t\t\t\t\t\t\t\tPol\u00edtica de Privacidad\t\t\t\t\t\t\t<\/label>\n\t\t\t\t\t\t\t\t<div class=\"elementor-field-subgroup\">\n\t\t\t<span class=\"elementor-field-option\">\n\t\t\t\t<input type=\"checkbox\" name=\"form_fields[field_10dc067]\" id=\"form-field-field_10dc067\" class=\"elementor-field elementor-size-sm  elementor-acceptance-field\" required=\"required\">\n\t\t\t\t<label for=\"form-field-field_10dc067\">He le\u00eddo y acepto la <a href=\"\/politica-de-privacidad\/\" target=\"_blank\">Pol\u00edtica de Privacidad<\/a><\/label>\t\t\t<\/span>\n\t\t<\/div>\n\t\t\t\t\t\t<\/div>\n\t\t\t\t\t\t\t\t<div class=\"elementor-field-type-recaptcha_v3 elementor-field-group elementor-column elementor-field-group-field_42f66f1 elementor-col-100 recaptcha_v3-bottomright\">\n\t\t\t\t\t<div class=\"elementor-field\" id=\"form-field-field_42f66f1\"><div class=\"elementor-g-recaptcha\" data-sitekey=\"6Ld5CH8pAAAAAFzT9qvH5SOi_OImEey3rJN2w5hT\" data-type=\"v3\" data-action=\"Form\" data-badge=\"bottomright\" data-size=\"invisible\"><\/div><\/div>\t\t\t\t<\/div>\n\t\t\t\t\t\t\t\t<div class=\"elementor-field-group elementor-column elementor-field-type-submit elementor-col-100 e-form__buttons\">\n\t\t\t\t\t<button class=\"elementor-button elementor-size-sm\" type=\"submit\">\n\t\t\t\t\t\t<span class=\"elementor-button-content-wrapper\">\n\t\t\t\t\t\t\t\t\t\t\t\t\t\t\t\t\t\t\t\t\t\t<span class=\"elementor-button-text\">Enviar <\/span>\n\t\t\t\t\t\t\t\t\t\t\t\t\t<\/span>\n\t\t\t\t\t<\/button>\n\t\t\t\t<\/div>\n\t\t\t<\/div>\n\t\t<\/form>\n\t\t\t\t\t\t<\/div>\n\t\t\t\t<\/div>\n\t\t\t\t\t<\/div>\n\t\t<\/div>\n\t\t\t\t\t<\/div>\n\t\t<\/section>\n\t\t\t\t<\/div>\n\t\t","protected":false},"excerpt":{"rendered":"<p>Contacto Rellena esta informaci\u00f3n para realizar una pre-reserva. Nos pondremos en contacto contigo en menos de 24 horas. \u00a1Muchas gracias por confiar en nosotros!att. Familia Icarus.<\/p>\n","protected":false},"author":2,"featured_media":1085,"parent":0,"menu_order":0,"comment_status":"closed","ping_status":"closed","template":"","meta":{"_monsterinsights_skip_tracking":false,"_monsterinsights_sitenote_active":false,"_monsterinsights_sitenote_note":"","_monsterinsights_sitenote_category":0,"footnotes":""},"class_list":["post-57","page","type-page","status-publish","has-post-thumbnail","hentry"],"yoast_head":"<!-- This site is optimized with the Yoast SEO plugin v25.1 - https:\/\/yoast.com\/wordpress\/plugins\/seo\/ -->\n<title>Contacto | Icarus Charters in Port de Soller<\/title>\n<meta name=\"description\" content=\"Contacta con Icarus Charters hoy mismo para reservar tu aventura n\u00e1utica inolvidable. Nuestro equipo est\u00e1 listo para ayudarte a planificar la excursi\u00f3n mar\u00edtima perfecta.\" \/>\n<meta name=\"robots\" content=\"index, follow, max-snippet:-1, max-image-preview:large, max-video-preview:-1\" \/>\n<link rel=\"canonical\" href=\"https:\/\/icaruscharters.com\/es\/contacto\/\" \/>\n<meta property=\"og:locale\" content=\"es_ES\" \/>\n<meta property=\"og:type\" content=\"article\" \/>\n<meta property=\"og:title\" content=\"Contacto | Icarus Charters in Port de Soller\" \/>\n<meta property=\"og:description\" content=\"Contacta con Icarus Charters hoy mismo para reservar tu aventura n\u00e1utica inolvidable. Nuestro equipo est\u00e1 listo para ayudarte a planificar la excursi\u00f3n mar\u00edtima perfecta.\" \/>\n<meta property=\"og:url\" content=\"https:\/\/icaruscharters.com\/es\/contacto\/\" \/>\n<meta property=\"og:site_name\" content=\"Icarus Charters in Port de Soller\" \/>\n<meta property=\"article:publisher\" content=\"https:\/\/instagram.com\/icarus_charters\" \/>\n<meta property=\"article:modified_time\" content=\"2024-04-29T08:49:05+00:00\" \/>\n<meta property=\"og:image\" content=\"https:\/\/icaruscharters.com\/wp-content\/uploads\/2023\/06\/icarus-charters-mapa-del-tesoro.webp\" \/>\n\t<meta property=\"og:image:width\" content=\"1624\" \/>\n\t<meta property=\"og:image:height\" content=\"1148\" \/>\n\t<meta property=\"og:image:type\" content=\"image\/webp\" \/>\n<meta name=\"twitter:card\" content=\"summary_large_image\" \/>\n<meta name=\"twitter:label1\" content=\"Tiempo de lectura\" \/>\n\t<meta name=\"twitter:data1\" content=\"1 minuto\" \/>\n<script type=\"application\/ld+json\" class=\"yoast-schema-graph\">{\"@context\":\"https:\/\/schema.org\",\"@graph\":[{\"@type\":\"WebPage\",\"@id\":\"https:\/\/icaruscharters.com\/es\/contacto\/\",\"url\":\"https:\/\/icaruscharters.com\/es\/contacto\/\",\"name\":\"Contacto | Icarus Charters in Port de Soller\",\"isPartOf\":{\"@id\":\"https:\/\/icaruscharters.com\/es\/#website\"},\"primaryImageOfPage\":{\"@id\":\"https:\/\/icaruscharters.com\/es\/contacto\/#primaryimage\"},\"image\":{\"@id\":\"https:\/\/icaruscharters.com\/es\/contacto\/#primaryimage\"},\"thumbnailUrl\":\"https:\/\/icaruscharters.com\/wp-content\/uploads\/2023\/06\/icarus-charters-mapa-del-tesoro.webp\",\"datePublished\":\"2021-12-07T12:48:10+00:00\",\"dateModified\":\"2024-04-29T08:49:05+00:00\",\"description\":\"Contacta con Icarus Charters hoy mismo para reservar tu aventura n\u00e1utica inolvidable. Nuestro equipo est\u00e1 listo para ayudarte a planificar la excursi\u00f3n mar\u00edtima perfecta.\",\"breadcrumb\":{\"@id\":\"https:\/\/icaruscharters.com\/es\/contacto\/#breadcrumb\"},\"inLanguage\":\"es\",\"potentialAction\":[{\"@type\":\"ReadAction\",\"target\":[\"https:\/\/icaruscharters.com\/es\/contacto\/\"]}]},{\"@type\":\"ImageObject\",\"inLanguage\":\"es\",\"@id\":\"https:\/\/icaruscharters.com\/es\/contacto\/#primaryimage\",\"url\":\"https:\/\/icaruscharters.com\/wp-content\/uploads\/2023\/06\/icarus-charters-mapa-del-tesoro.webp\",\"contentUrl\":\"https:\/\/icaruscharters.com\/wp-content\/uploads\/2023\/06\/icarus-charters-mapa-del-tesoro.webp\",\"width\":1624,\"height\":1148},{\"@type\":\"BreadcrumbList\",\"@id\":\"https:\/\/icaruscharters.com\/es\/contacto\/#breadcrumb\",\"itemListElement\":[{\"@type\":\"ListItem\",\"position\":1,\"name\":\"Inicio\",\"item\":\"https:\/\/icaruscharters.com\/es\/\"},{\"@type\":\"ListItem\",\"position\":2,\"name\":\"Contacto\"}]},{\"@type\":\"WebSite\",\"@id\":\"https:\/\/icaruscharters.com\/es\/#website\",\"url\":\"https:\/\/icaruscharters.com\/es\/\",\"name\":\"Icarus Charters in Port de Soller\",\"description\":\"Discover unique experiences on board\",\"publisher\":{\"@id\":\"https:\/\/icaruscharters.com\/es\/#organization\"},\"potentialAction\":[{\"@type\":\"SearchAction\",\"target\":{\"@type\":\"EntryPoint\",\"urlTemplate\":\"https:\/\/icaruscharters.com\/es\/?s={search_term_string}\"},\"query-input\":{\"@type\":\"PropertyValueSpecification\",\"valueRequired\":true,\"valueName\":\"search_term_string\"}}],\"inLanguage\":\"es\"},{\"@type\":\"Organization\",\"@id\":\"https:\/\/icaruscharters.com\/es\/#organization\",\"name\":\"icarus charters\",\"alternateName\":\"charters\",\"url\":\"https:\/\/icaruscharters.com\/es\/\",\"logo\":{\"@type\":\"ImageObject\",\"inLanguage\":\"es\",\"@id\":\"https:\/\/icaruscharters.com\/es\/#\/schema\/logo\/image\/\",\"url\":\"https:\/\/icaruscharters.com\/wp-content\/uploads\/2023\/10\/IMG_4279-scaled.jpeg\",\"contentUrl\":\"https:\/\/icaruscharters.com\/wp-content\/uploads\/2023\/10\/IMG_4279-scaled.jpeg\",\"width\":1200,\"height\":1600,\"caption\":\"icarus charters\"},\"image\":{\"@id\":\"https:\/\/icaruscharters.com\/es\/#\/schema\/logo\/image\/\"},\"sameAs\":[\"https:\/\/instagram.com\/icarus_charters\"]}]}<\/script>\n<!-- \/ Yoast SEO plugin. -->","yoast_head_json":{"title":"Contacto | Icarus Charters in Port de Soller","description":"Contacta con Icarus Charters hoy mismo para reservar tu aventura n\u00e1utica inolvidable. Nuestro equipo est\u00e1 listo para ayudarte a planificar la excursi\u00f3n mar\u00edtima perfecta.","robots":{"index":"index","follow":"follow","max-snippet":"max-snippet:-1","max-image-preview":"max-image-preview:large","max-video-preview":"max-video-preview:-1"},"canonical":"https:\/\/icaruscharters.com\/es\/contacto\/","og_locale":"es_ES","og_type":"article","og_title":"Contacto | Icarus Charters in Port de Soller","og_description":"Contacta con Icarus Charters hoy mismo para reservar tu aventura n\u00e1utica inolvidable. Nuestro equipo est\u00e1 listo para ayudarte a planificar la excursi\u00f3n mar\u00edtima perfecta.","og_url":"https:\/\/icaruscharters.com\/es\/contacto\/","og_site_name":"Icarus Charters in Port de Soller","article_publisher":"https:\/\/instagram.com\/icarus_charters","article_modified_time":"2024-04-29T08:49:05+00:00","og_image":[{"width":1624,"height":1148,"url":"https:\/\/icaruscharters.com\/wp-content\/uploads\/2023\/06\/icarus-charters-mapa-del-tesoro.webp","type":"image\/webp"}],"twitter_card":"summary_large_image","twitter_misc":{"Tiempo de lectura":"1 minuto"},"schema":{"@context":"https:\/\/schema.org","@graph":[{"@type":"WebPage","@id":"https:\/\/icaruscharters.com\/es\/contacto\/","url":"https:\/\/icaruscharters.com\/es\/contacto\/","name":"Contacto | Icarus Charters in Port de Soller","isPartOf":{"@id":"https:\/\/icaruscharters.com\/es\/#website"},"primaryImageOfPage":{"@id":"https:\/\/icaruscharters.com\/es\/contacto\/#primaryimage"},"image":{"@id":"https:\/\/icaruscharters.com\/es\/contacto\/#primaryimage"},"thumbnailUrl":"https:\/\/icaruscharters.com\/wp-content\/uploads\/2023\/06\/icarus-charters-mapa-del-tesoro.webp","datePublished":"2021-12-07T12:48:10+00:00","dateModified":"2024-04-29T08:49:05+00:00","description":"Contacta con Icarus Charters hoy mismo para reservar tu aventura n\u00e1utica inolvidable. Nuestro equipo est\u00e1 listo para ayudarte a planificar la excursi\u00f3n mar\u00edtima perfecta.","breadcrumb":{"@id":"https:\/\/icaruscharters.com\/es\/contacto\/#breadcrumb"},"inLanguage":"es","potentialAction":[{"@type":"ReadAction","target":["https:\/\/icaruscharters.com\/es\/contacto\/"]}]},{"@type":"ImageObject","inLanguage":"es","@id":"https:\/\/icaruscharters.com\/es\/contacto\/#primaryimage","url":"https:\/\/icaruscharters.com\/wp-content\/uploads\/2023\/06\/icarus-charters-mapa-del-tesoro.webp","contentUrl":"https:\/\/icaruscharters.com\/wp-content\/uploads\/2023\/06\/icarus-charters-mapa-del-tesoro.webp","width":1624,"height":1148},{"@type":"BreadcrumbList","@id":"https:\/\/icaruscharters.com\/es\/contacto\/#breadcrumb","itemListElement":[{"@type":"ListItem","position":1,"name":"Inicio","item":"https:\/\/icaruscharters.com\/es\/"},{"@type":"ListItem","position":2,"name":"Contacto"}]},{"@type":"WebSite","@id":"https:\/\/icaruscharters.com\/es\/#website","url":"https:\/\/icaruscharters.com\/es\/","name":"Icarus Charters in Port de Soller","description":"Discover unique experiences on board","publisher":{"@id":"https:\/\/icaruscharters.com\/es\/#organization"},"potentialAction":[{"@type":"SearchAction","target":{"@type":"EntryPoint","urlTemplate":"https:\/\/icaruscharters.com\/es\/?s={search_term_string}"},"query-input":{"@type":"PropertyValueSpecification","valueRequired":true,"valueName":"search_term_string"}}],"inLanguage":"es"},{"@type":"Organization","@id":"https:\/\/icaruscharters.com\/es\/#organization","name":"icarus charters","alternateName":"charters","url":"https:\/\/icaruscharters.com\/es\/","logo":{"@type":"ImageObject","inLanguage":"es","@id":"https:\/\/icaruscharters.com\/es\/#\/schema\/logo\/image\/","url":"https:\/\/icaruscharters.com\/wp-content\/uploads\/2023\/10\/IMG_4279-scaled.jpeg","contentUrl":"https:\/\/icaruscharters.com\/wp-content\/uploads\/2023\/10\/IMG_4279-scaled.jpeg","width":1200,"height":1600,"caption":"icarus charters"},"image":{"@id":"https:\/\/icaruscharters.com\/es\/#\/schema\/logo\/image\/"},"sameAs":["https:\/\/instagram.com\/icarus_charters"]}]}},"_links":{"self":[{"href":"https:\/\/icaruscharters.com\/es\/wp-json\/wp\/v2\/pages\/57","targetHints":{"allow":["GET"]}}],"collection":[{"href":"https:\/\/icaruscharters.com\/es\/wp-json\/wp\/v2\/pages"}],"about":[{"href":"https:\/\/icaruscharters.com\/es\/wp-json\/wp\/v2\/types\/page"}],"author":[{"embeddable":true,"href":"https:\/\/icaruscharters.com\/es\/wp-json\/wp\/v2\/users\/2"}],"replies":[{"embeddable":true,"href":"https:\/\/icaruscharters.com\/es\/wp-json\/wp\/v2\/comments?post=57"}],"version-history":[{"count":9,"href":"https:\/\/icaruscharters.com\/es\/wp-json\/wp\/v2\/pages\/57\/revisions"}],"predecessor-version":[{"id":2674,"href":"https:\/\/icaruscharters.com\/es\/wp-json\/wp\/v2\/pages\/57\/revisions\/2674"}],"wp:featuredmedia":[{"embeddable":true,"href":"https:\/\/icaruscharters.com\/es\/wp-json\/wp\/v2\/media\/1085"}],"wp:attachment":[{"href":"https:\/\/icaruscharters.com\/es\/wp-json\/wp\/v2\/media?parent=57"}],"curies":[{"name":"wp","href":"https:\/\/api.w.org\/{rel}","templated":true}]}}